{"id":13,"date":"2019-05-14T21:32:14","date_gmt":"2019-05-15T00:32:14","guid":{"rendered":"https:\/\/protermica.com.br\/?page_id=13"},"modified":"2019-06-17T11:30:53","modified_gmt":"2019-06-17T14:30:53","slug":"obras-portfolio","status":"publish","type":"page","link":"https:\/\/protermica.com.br\/home\/obras-portfolio\/","title":{"rendered":"Obras\/Portf\u00f3lio"},"content":{"rendered":"\n<p><span style=\"font-weight: 400;\">Acumulamos em nosso curr\u00edculo mais de 1000 obras somando mais de 74.200 TR\u2019s (acima de 1.400.000 m\u00b2 de \u00e1rea climatizada) em obras de instala\u00e7\u00e3o de sistemas de ar condicionado central, ventila\u00e7\u00e3o e exaust\u00e3o, executando, principalmente, instala\u00e7\u00f5es de m\u00e9dio e grande porte. <\/span><\/p>\n<p><span style=\"font-weight: 400;\">Temos como base operacional o estado de Santa Catarina, entretanto atuamos por todo o Brasil, com obras j\u00e1 realizadas em todos as regi\u00f5es do pa\u00eds:<\/span><\/p>\n<ul>\n<li style=\"font-weight: 400;\"><span style=\"font-weight: 400;\">Sul: Paran\u00e1, Santa Catarina e Rio Grande do Sul;<\/span><\/li>\n<li style=\"font-weight: 400;\"><span style=\"font-weight: 400;\">Sudeste: S\u00e3o Paulo, Minas Gerais, Rio de Janeiro e Espirito Santo;<\/span><\/li>\n<li style=\"font-weight: 400;\"><span style=\"font-weight: 400;\">Centro Oeste: Mato Grosso, Mato Grosso do Sul, Goi\u00e1s e Distrito Federal;<\/span><\/li>\n<li style=\"font-weight: 400;\"><span style=\"font-weight: 400;\">Nordeste: Bahia, Sergipe, Alagoas, Pernambuco, Maranh\u00e3o, Piau\u00ed e Cear\u00e1;<\/span><\/li>\n<li style=\"font-weight: 400;\"><span style=\"font-weight: 400;\">Norte: Par\u00e1 e Tocantins;<\/span><\/li>\n<\/ul>\n<p><span style=\"font-weight: 400;\">Conhe\u00e7a algumas de nossas obras separadas por \u00e1rea de atua\u00e7\u00e3o:<\/span><\/p>\n\n\n\n<h2><strong>PR\u00c9DIOS ADMINISTRATIVOS \/ ESCRIT\u00d3RIOS<\/strong><\/h2>\n\n\n\n<ul class=\"wp-block-gallery columns-2 is-cropped galeria-1\"><li class=\"blocks-gallery-item\"><figure><img loading=\"lazy\" width=\"400\" height=\"600\" src=\"http:\/\/webihost.com.br\/protermica\/wp\/wp-content\/uploads\/2019\/05\/Foto-18.jpg\" alt=\"\" data-id=\"119\" data-link=\"http:\/\/webihost.com.br\/protermica\/wp\/produto\/centrais-de-agua-gelada\/foto-18\/\" class=\"wp-image-119\" srcset=\"https:\/\/protermica.com.br\/wp-content\/uploads\/2019\/05\/Foto-18.jpg 400w, https:\/\/protermica.com.br\/wp-content\/uploads\/2019\/05\/Foto-18-200x300.jpg 200w\" sizes=\"(max-width: 400px) 100vw, 400px\" \/><figcaption><strong><span style=\"background-color:#313131\" class=\"tadv-background-color\">Ed. CETENCO PLAZA-TORRE NORTE \u2013 Av. Paulista &#8211; S\u00e3o Paulo, SP <\/span><\/strong><span style=\"background-color:#313131\" class=\"tadv-background-color\"><br>Projeto e instala\u00e7\u00e3o de sistema com \u00e1gua gelada. CAG com 01 resfriador com compressor centr\u00edfugo de 1.000TR e 2 resfriadores com compressor parafuso de 375 T; central de bombeamento de \u00e1gua gelada e \u00e1gua de condensa\u00e7\u00e3o; torre de resfriamento, rede hidr\u00e1ulica de \u00e1gua gelada e de condensa\u00e7\u00e3o para todos os 28 pavimentos; sistema e automa\u00e7\u00e3o e supervis\u00e3o. <\/span><\/figcaption><\/figure><\/li><li class=\"blocks-gallery-item\"><figure><img loading=\"lazy\" width=\"1024\" height=\"683\" src=\"http:\/\/webihost.com.br\/protermica\/wp\/wp-content\/uploads\/2019\/05\/Foto-19-1024x683.jpg\" alt=\"\" data-id=\"120\" data-link=\"http:\/\/webihost.com.br\/protermica\/wp\/produto\/centrais-de-agua-gelada\/foto-19\/\" class=\"wp-image-120\" srcset=\"https:\/\/protermica.com.br\/wp-content\/uploads\/2019\/05\/Foto-19-1024x683.jpg 1024w, https:\/\/protermica.com.br\/wp-content\/uploads\/2019\/05\/Foto-19-300x200.jpg 300w, https:\/\/protermica.com.br\/wp-content\/uploads\/2019\/05\/Foto-19-768x512.jpg 768w\" sizes=\"(max-width: 1024px) 100vw, 1024px\" \/><figcaption><strong><span style=\"background-color:#313131\" class=\"tadv-background-color\">TRIBUNAL REGIONAL FEDERAL \u2013 TRF \u2013 Florian\u00f3polis\/SC<\/span><\/strong><span style=\"background-color:#313131\" class=\"tadv-background-color\"><br> Instala\u00e7\u00e3o de sistema com \u00e1gua gelada. CAG com 05 chiller a ar, sendo 2 de 250 e 2 de 60 TR;  1 de 20 TR, somando 640 TR. Sistema de termoacumula\u00e7\u00e3o de gelo com 20 tanques de 1.190 TRh cada. Central de bombeamento de \u00e1gua gelada, totalizando 14 bombas. Instala\u00e7\u00e3o de 64 condicionadores de ar, totalizando 1.212 TR; rede de dutos de distribui\u00e7\u00e3o com VAV\u2019s; rede hidr\u00e1ulica de \u00e1gua gelada e sistema de automa\u00e7\u00e3o e supervis\u00e3o.<\/span><\/figcaption><\/figure><\/li><li class=\"blocks-gallery-item\"><figure><img loading=\"lazy\" width=\"1024\" height=\"668\" src=\"http:\/\/webihost.com.br\/protermica\/wp\/wp-content\/uploads\/2019\/05\/Foto-20-1024x668.jpg\" alt=\"\" data-id=\"121\" data-link=\"http:\/\/webihost.com.br\/protermica\/wp\/produto\/centrais-de-agua-gelada\/foto-20\/\" class=\"wp-image-121\" srcset=\"https:\/\/protermica.com.br\/wp-content\/uploads\/2019\/05\/Foto-20-1024x668.jpg 1024w, https:\/\/protermica.com.br\/wp-content\/uploads\/2019\/05\/Foto-20-300x196.jpg 300w, https:\/\/protermica.com.br\/wp-content\/uploads\/2019\/05\/Foto-20-768x501.jpg 768w\" sizes=\"(max-width: 1024px) 100vw, 1024px\" \/><figcaption><strong><span style=\"background-color:#313131\" class=\"tadv-background-color\">Datasul II, Joinville, SC<\/span><\/strong><span style=\"background-color:#313131\" class=\"tadv-background-color\"><br> Instala\u00e7\u00e3o de sistema com \u00e1gua gelada. CAG com 3 chiller a ar, sendo 2 de 275 e 1 de 60 TR, somando 610 TR; central de bombeamento de \u00e1gua gelada; instala\u00e7\u00e3o de 600 TR de Fan-coils; rede hidr\u00e1ulica de \u00e1gua gelada; rede de dutos e sistema de automa\u00e7\u00e3o e supervis\u00e3o.<\/span><\/figcaption><\/figure><\/li><li class=\"blocks-gallery-item\"><figure><img loading=\"lazy\" width=\"900\" height=\"601\" src=\"http:\/\/webihost.com.br\/protermica\/wp\/wp-content\/uploads\/2019\/05\/Foto-21.jpg\" alt=\"\" data-id=\"122\" data-link=\"http:\/\/webihost.com.br\/protermica\/wp\/produto\/centrais-de-agua-gelada\/foto-21\/\" class=\"wp-image-122\" srcset=\"https:\/\/protermica.com.br\/wp-content\/uploads\/2019\/05\/Foto-21.jpg 900w, https:\/\/protermica.com.br\/wp-content\/uploads\/2019\/05\/Foto-21-300x200.jpg 300w, https:\/\/protermica.com.br\/wp-content\/uploads\/2019\/05\/Foto-21-768x513.jpg 768w\" sizes=\"(max-width: 900px) 100vw, 900px\" \/><figcaption><span style=\"background-color:#313131\" class=\"tadv-background-color\"><strong>ONS &#8211; Escrit\u00f3rio Administrativo e de Controle, Florian\u00f3polis, SC<\/strong> <\/span><br><span style=\"background-color:#313131\" class=\"tadv-background-color\">Instala\u00e7\u00e3o de sistema com \u00e1gua gelada \u2013 Pr\u00e9dio LEED CAG com 1 Chiller 70 TR\u2019s e 1 de 160 TR\u2019s a ar; instala\u00e7\u00e3o de Fan-Coil para 3 andares; sistema de bombeamento e rede hidr\u00e1ulica de \u00e1gua gelada.<\/span><\/figcaption><\/figure><\/li><\/ul>\n\n\n\n<h2><strong>BANCOS<\/strong><\/h2>\n\n\n\n<ul class=\"wp-block-gallery columns-3 is-cropped galeria-2\"><li class=\"blocks-gallery-item\"><figure><img loading=\"lazy\" width=\"1024\" height=\"666\" src=\"http:\/\/webihost.com.br\/protermica\/wp\/wp-content\/uploads\/2019\/05\/Foto-22-1024x666.jpg\" alt=\"\" data-id=\"123\" data-link=\"http:\/\/webihost.com.br\/protermica\/wp\/produto\/centrais-de-agua-gelada\/foto-22\/\" class=\"wp-image-123\" srcset=\"https:\/\/protermica.com.br\/wp-content\/uploads\/2019\/05\/Foto-22-1024x666.jpg 1024w, https:\/\/protermica.com.br\/wp-content\/uploads\/2019\/05\/Foto-22-300x195.jpg 300w, https:\/\/protermica.com.br\/wp-content\/uploads\/2019\/05\/Foto-22-768x499.jpg 768w, https:\/\/protermica.com.br\/wp-content\/uploads\/2019\/05\/Foto-22.jpg 1349w\" sizes=\"(max-width: 1024px) 100vw, 1024px\" \/><figcaption><strong><span style=\"color:#ffffff\" class=\"tadv-color\"><span style=\"background-color:#313131\" class=\"tadv-background-color\">BANCO DO BRASIL \u2013 Ag. Pr\u00edncipe \u2013 Joinville \u2013 SC <\/span><\/span><\/strong><span style=\"color:#ffffff\" class=\"tadv-color\"><span style=\"background-color:#313131\" class=\"tadv-background-color\"><br>Instala\u00e7\u00e3o de sistema com \u00e1gua gelada. CAG com 2 chiller a \u00e1gua de 300 TR cada; 850 TR de fan-coil; central de bombeamento; rede hidr\u00e1ulica de \u00e1gua gelada; rede dutos com sistema VAVs; sistema de automa\u00e7\u00e3o e supervis\u00e3o.<\/span><\/span><\/figcaption><\/figure><\/li><li class=\"blocks-gallery-item\"><figure><img loading=\"lazy\" width=\"1024\" height=\"632\" src=\"http:\/\/webihost.com.br\/protermica\/wp\/wp-content\/uploads\/2019\/05\/Foto-23-1024x632.jpg\" alt=\"\" data-id=\"124\" data-link=\"http:\/\/webihost.com.br\/protermica\/wp\/produto\/centrais-de-agua-gelada\/foto-23\/\" class=\"wp-image-124\" srcset=\"https:\/\/protermica.com.br\/wp-content\/uploads\/2019\/05\/Foto-23-1024x632.jpg 1024w, https:\/\/protermica.com.br\/wp-content\/uploads\/2019\/05\/Foto-23-300x185.jpg 300w, https:\/\/protermica.com.br\/wp-content\/uploads\/2019\/05\/Foto-23-768x474.jpg 768w, https:\/\/protermica.com.br\/wp-content\/uploads\/2019\/05\/Foto-23.jpg 1355w\" sizes=\"(max-width: 1024px) 100vw, 1024px\" \/><figcaption><strong><span style=\"background-color:#313131\" class=\"tadv-background-color\">BANCO DO BRASIL \u2013 Ag. Pra\u00e7a XV\u2013 Florian\u00f3polis \u2013 SC<\/span><\/strong><span style=\"background-color:#313131\" class=\"tadv-background-color\"><br> Instala\u00e7\u00e3o de sistema com \u00e1gua gelada. CAG com 2 chiller a \u00e1gua de 130 TR cada; 351 TR de fan-coil; rede hidr\u00e1ulica de \u00e1gua gelada; rede de dutos; sistema de automa\u00e7\u00e3o e supervis\u00e3o.<\/span><\/figcaption><\/figure><\/li><li class=\"blocks-gallery-item\"><figure><img loading=\"lazy\" width=\"963\" height=\"675\" src=\"http:\/\/webihost.com.br\/protermica\/wp\/wp-content\/uploads\/2019\/05\/Foto-24.jpg\" alt=\"\" data-id=\"125\" data-link=\"http:\/\/webihost.com.br\/protermica\/wp\/produto\/centrais-de-agua-gelada\/foto-24\/\" class=\"wp-image-125\" srcset=\"https:\/\/protermica.com.br\/wp-content\/uploads\/2019\/05\/Foto-24.jpg 963w, https:\/\/protermica.com.br\/wp-content\/uploads\/2019\/05\/Foto-24-300x210.jpg 300w, https:\/\/protermica.com.br\/wp-content\/uploads\/2019\/05\/Foto-24-768x538.jpg 768w\" sizes=\"(max-width: 963px) 100vw, 963px\" \/><figcaption><strong><span style=\"background-color:#313131\" class=\"tadv-background-color\">CEF \u2013 Ag. Farol \u2013 Macei\u00f3 &#8211; AL <\/span><\/strong><span style=\"background-color:#313131\" class=\"tadv-background-color\"><br>Instala\u00e7\u00e3o de sistema com \u00e1gua gelada. CAG com 2 chiller a \u00e1gua de 130 TR cada; 280 TR de fan-coil; rede hidr\u00e1ulica de \u00e1gua gelada; rede de dutos; sistema de automa\u00e7\u00e3o e supervis\u00e3o.<\/span><\/figcaption><\/figure><\/li><\/ul>\n\n\n\n<h2><strong>SUPERMERCADOS<\/strong><\/h2>\n\n\n\n<ul class=\"wp-block-gallery columns-3 is-cropped galeria-3\"><li class=\"blocks-gallery-item\"><figure><img loading=\"lazy\" width=\"590\" height=\"300\" src=\"http:\/\/webihost.com.br\/protermica\/wp\/wp-content\/uploads\/2019\/05\/Foto-27.jpg\" alt=\"\" data-id=\"128\" data-link=\"http:\/\/webihost.com.br\/protermica\/wp\/produto\/centrais-de-agua-gelada\/foto-27\/\" class=\"wp-image-128\" srcset=\"https:\/\/protermica.com.br\/wp-content\/uploads\/2019\/05\/Foto-27.jpg 590w, https:\/\/protermica.com.br\/wp-content\/uploads\/2019\/05\/Foto-27-300x153.jpg 300w\" sizes=\"(max-width: 590px) 100vw, 590px\" \/><figcaption><strong><span style=\"background-color:#313131\" class=\"tadv-background-color\">ANGELONI SUPERMERCADOS:<\/span><\/strong><span style=\"background-color:#313131\" class=\"tadv-background-color\"><br> UNIDADE BIGUA\u00c7U \u2013 SC; <br>UNIDADE LOJA 11 &#8211; FLORIAN\u00d3POLIS \u2013 SC; UNIDADE Capoeiras \u2013 FLORIAN\u00d3POLIS \u2013 SC; <br>UNIDADE Sta M\u00f4nica \u2013 FLORIAN\u00d3POLIS \u2013 SC;<br> <\/span><em><span style=\"background-color:#313131\" class=\"tadv-background-color\">Projeto e instala\u00e7\u00e3o de sistema de ar condicionado central com dutos.<\/span><\/em><span style=\"background-color:#313131\" class=\"tadv-background-color\"><br><\/span><em><span style=\"background-color:#313131\" class=\"tadv-background-color\">Condicionadores Split\u00e3o.<\/span><\/em><span style=\"background-color:#313131\" class=\"tadv-background-color\"><br><br> <\/span><\/figcaption><\/figure><\/li><li class=\"blocks-gallery-item\"><figure><img loading=\"lazy\" width=\"1024\" height=\"768\" src=\"http:\/\/webihost.com.br\/protermica\/wp\/wp-content\/uploads\/2019\/05\/Foto-26-1024x768.jpg\" alt=\"\" data-id=\"127\" data-link=\"http:\/\/webihost.com.br\/protermica\/wp\/produto\/centrais-de-agua-gelada\/foto-26\/\" class=\"wp-image-127\" srcset=\"https:\/\/protermica.com.br\/wp-content\/uploads\/2019\/05\/Foto-26-1024x768.jpg 1024w, https:\/\/protermica.com.br\/wp-content\/uploads\/2019\/05\/Foto-26-300x225.jpg 300w, https:\/\/protermica.com.br\/wp-content\/uploads\/2019\/05\/Foto-26-768x576.jpg 768w\" sizes=\"(max-width: 1024px) 100vw, 1024px\" \/><figcaption><strong><span style=\"background-color:#313131\" class=\"tadv-background-color\">BISTEK SUPERMERCADOS:<\/span><\/strong><span style=\"background-color:#313131\" class=\"tadv-background-color\"> UNIDADE COSTEIRA &#8211; FLORIAN\u00d3POLIS \u2013 SC; <br>UNIDADE CRICI\u00daMA \u2013 SC; <br>UNIDADE AV. DAS TORRES S\u00c3O JOS\u00c9 \u2013 SC; <br>UNIDADE PRAIA COMPRIDA S\u00c3O JOS\u00c9 \u2013 SC;<br> <\/span><em><span style=\"background-color:#313131\" class=\"tadv-background-color\">Projeto e instala\u00e7\u00e3o de sistema de ar condicionado central com dutos.<\/span><\/em><span style=\"background-color:#313131\" class=\"tadv-background-color\"><br><\/span><em><span style=\"background-color:#313131\" class=\"tadv-background-color\">Condicionadores Split\u00e3o.<\/span><\/em><span style=\"background-color:#313131\" class=\"tadv-background-color\"><br><br> <\/span><\/figcaption><\/figure><\/li><li class=\"blocks-gallery-item\"><figure><img loading=\"lazy\" width=\"1024\" height=\"683\" src=\"http:\/\/webihost.com.br\/protermica\/wp\/wp-content\/uploads\/2019\/05\/Foto-25-1024x683.jpg\" alt=\"\" data-id=\"126\" data-link=\"http:\/\/webihost.com.br\/protermica\/wp\/produto\/centrais-de-agua-gelada\/foto-25\/\" class=\"wp-image-126\" srcset=\"https:\/\/protermica.com.br\/wp-content\/uploads\/2019\/05\/Foto-25-1024x683.jpg 1024w, https:\/\/protermica.com.br\/wp-content\/uploads\/2019\/05\/Foto-25-300x200.jpg 300w, https:\/\/protermica.com.br\/wp-content\/uploads\/2019\/05\/Foto-25-768x512.jpg 768w\" sizes=\"(max-width: 1024px) 100vw, 1024px\" \/><figcaption><strong><span style=\"background-color:#313131\" class=\"tadv-background-color\">GIASSI SUPERMERCADOS:<\/span><\/strong><span style=\"background-color:#313131\" class=\"tadv-background-color\"> UNIDADE BLUMENAU \u2013 SC;<br> UNIDADE JOINVILLE \u2013 SC; <br>UNIDADE BARREIROS S\u00c3O JOS\u00c9 \u2013 SC; <br>UNIDADE I\u00c7ARA \u2013 SC; <br>UNIDADE CIDADE ALTA \u2013 ARARANGUA \u2013 SC;<br> <\/span><em><span style=\"background-color:#313131\" class=\"tadv-background-color\">Projeto e Instala\u00e7\u00e3o de sistema de ar condicionado central com dutos.<\/span><\/em><span style=\"background-color:#313131\" class=\"tadv-background-color\"><br><\/span><em><span style=\"background-color:#313131\" class=\"tadv-background-color\">Condicionadores Split\u00e3o\/Chiller \u2013 Estudo de consumo de energia.<\/span><\/em><br><br> <\/figcaption><\/figure><\/li><\/ul>\n","protected":false},"excerpt":{"rendered":"<p>PR\u00c9DIOS ADMINISTRATIVOS \/ ESCRIT\u00d3RIOS BANCOS SUPERMERCADOS<\/p>\n","protected":false},"author":1,"featured_media":0,"parent":0,"menu_order":0,"comment_status":"closed","ping_status":"closed","template":"","meta":[],"yoast_head":"<!-- This site is optimized with the Yoast SEO plugin v16.1.1 - https:\/\/yoast.com\/wordpress\/plugins\/seo\/ -->\n<title>Obras\/Portf\u00f3lio | Prot\u00e9rmica<\/title>\n<link rel=\"canonical\" href=\"https:\/\/protermica.com.br\/home\/obras-portfolio\/\" \/>\n<meta property=\"og:locale\" content=\"pt_BR\" \/>\n<meta property=\"og:type\" content=\"article\" \/>\n<meta property=\"og:title\" content=\"Obras\/Portf\u00f3lio | Prot\u00e9rmica\" \/>\n<meta property=\"og:description\" content=\"PR\u00c9DIOS ADMINISTRATIVOS \/ ESCRIT\u00d3RIOS BANCOS SUPERMERCADOS\" \/>\n<meta property=\"og:url\" content=\"https:\/\/protermica.com.br\/home\/obras-portfolio\/\" \/>\n<meta property=\"og:site_name\" content=\"Prot\u00e9rmica\" \/>\n<meta property=\"article:modified_time\" content=\"2019-06-17T14:30:53+00:00\" \/>\n<meta property=\"og:image\" content=\"http:\/\/webihost.com.br\/protermica\/wp\/wp-content\/uploads\/2019\/05\/Foto-18.jpg\" \/>\n<meta name=\"twitter:card\" content=\"summary_large_image\" \/>\n<meta name=\"twitter:label1\" content=\"Est. tempo de leitura\">\n\t<meta name=\"twitter:data1\" content=\"3 minutos\">\n<script type=\"application\/ld+json\" class=\"yoast-schema-graph\">{\"@context\":\"https:\/\/schema.org\",\"@graph\":[{\"@type\":\"WebSite\",\"@id\":\"https:\/\/protermica.com.br\/home\/#website\",\"url\":\"https:\/\/protermica.com.br\/home\/\",\"name\":\"Prot\\u00e9rmica\",\"description\":\"\",\"potentialAction\":[{\"@type\":\"SearchAction\",\"target\":\"https:\/\/protermica.com.br\/home\/?s={search_term_string}\",\"query-input\":\"required name=search_term_string\"}],\"inLanguage\":\"pt-BR\"},{\"@type\":\"ImageObject\",\"@id\":\"https:\/\/protermica.com.br\/home\/obras-portfolio\/#primaryimage\",\"inLanguage\":\"pt-BR\",\"url\":\"http:\/\/webihost.com.br\/protermica\/wp\/wp-content\/uploads\/2019\/05\/Foto-18.jpg\",\"contentUrl\":\"http:\/\/webihost.com.br\/protermica\/wp\/wp-content\/uploads\/2019\/05\/Foto-18.jpg\"},{\"@type\":\"WebPage\",\"@id\":\"https:\/\/protermica.com.br\/home\/obras-portfolio\/#webpage\",\"url\":\"https:\/\/protermica.com.br\/home\/obras-portfolio\/\",\"name\":\"Obras\/Portf\\u00f3lio | Prot\\u00e9rmica\",\"isPartOf\":{\"@id\":\"https:\/\/protermica.com.br\/home\/#website\"},\"primaryImageOfPage\":{\"@id\":\"https:\/\/protermica.com.br\/home\/obras-portfolio\/#primaryimage\"},\"datePublished\":\"2019-05-15T00:32:14+00:00\",\"dateModified\":\"2019-06-17T14:30:53+00:00\",\"breadcrumb\":{\"@id\":\"https:\/\/protermica.com.br\/home\/obras-portfolio\/#breadcrumb\"},\"inLanguage\":\"pt-BR\",\"potentialAction\":[{\"@type\":\"ReadAction\",\"target\":[\"https:\/\/protermica.com.br\/home\/obras-portfolio\/\"]}]},{\"@type\":\"BreadcrumbList\",\"@id\":\"https:\/\/protermica.com.br\/home\/obras-portfolio\/#breadcrumb\",\"itemListElement\":[{\"@type\":\"ListItem\",\"position\":1,\"item\":{\"@type\":\"WebPage\",\"@id\":\"https:\/\/protermica.com.br\/home\/\",\"url\":\"https:\/\/protermica.com.br\/home\/\",\"name\":\"In\\u00edcio\"}},{\"@type\":\"ListItem\",\"position\":2,\"item\":{\"@type\":\"WebPage\",\"@id\":\"https:\/\/protermica.com.br\/home\/obras-portfolio\/\",\"url\":\"https:\/\/protermica.com.br\/home\/obras-portfolio\/\",\"name\":\"Obras\/Portf\\u00f3lio\"}}]}]}<\/script>\n<!-- \/ Yoast SEO plugin. -->","_links":{"self":[{"href":"https:\/\/protermica.com.br\/home\/wp-json\/wp\/v2\/pages\/13"}],"collection":[{"href":"https:\/\/protermica.com.br\/home\/wp-json\/wp\/v2\/pages"}],"about":[{"href":"https:\/\/protermica.com.br\/home\/wp-json\/wp\/v2\/types\/page"}],"author":[{"embeddable":true,"href":"https:\/\/protermica.com.br\/home\/wp-json\/wp\/v2\/users\/1"}],"replies":[{"embeddable":true,"href":"https:\/\/protermica.com.br\/home\/wp-json\/wp\/v2\/comments?post=13"}],"version-history":[{"count":51,"href":"https:\/\/protermica.com.br\/home\/wp-json\/wp\/v2\/pages\/13\/revisions"}],"predecessor-version":[{"id":371,"href":"https:\/\/protermica.com.br\/home\/wp-json\/wp\/v2\/pages\/13\/revisions\/371"}],"wp:attachment":[{"href":"https:\/\/protermica.com.br\/home\/wp-json\/wp\/v2\/media?parent=13"}],"curies":[{"name":"wp","href":"https:\/\/api.w.org\/{rel}","templated":true}]}}