{"id":17,"date":"2019-05-14T21:32:32","date_gmt":"2019-05-15T00:32:32","guid":{"rendered":"https:\/\/protermica.com.br\/?page_id=17"},"modified":"2019-05-28T16:41:44","modified_gmt":"2019-05-28T19:41:44","slug":"contato","status":"publish","type":"page","link":"https:\/\/protermica.com.br\/home\/contato\/","title":{"rendered":"Contato"},"content":{"rendered":"<p><strong><span style=\"font-size: 14pt;\">Como podemos ajudar voc\u00ea?<\/span><\/strong><\/p>\n<p>Obrigado por entrar em contato com Prot\u00e9rmica. Por favor, preencha os campos do formul\u00e1rio ao lado para que possamos responder rapidamente. Se preferir, envie e-mail para a \u00e1rea do seu interesse, conforme os contatos abaixo.<\/p>\n<p>Recep\u00e7\u00e3o:\u00a0(48) 3342-0049<\/p>\n<p>Geral:\u00a0<a href=\"mailto:protermica@protermica.com.br\">protermica@protermica.com.br<\/a><\/p>\n<p>Comercial:\u00a0<a href=\"mailto:comercial@protermica.com.br\">comercial@protermica.com.br<\/a><\/p>\n<p>Compras:\u00a0<a href=\"mailto:compras@protermica.com.br\">compras@protermica.com.br<\/a><\/p>\n<p>Manuten\u00e7\u00e3o:\u00a0<a href=\"mailto:manutencaogeral@protermica.com.br\">manutencaogeral@protermica.com.br<\/a><\/p>\n<p>Administra\u00e7\u00e3o\/ Financeiro \/ RH:\u00a0<a href=\"mailto:adm@protermica.com.br\">adm@protermica.com.br<\/a><\/p>\n<p>Recebimento de NFe:\u00a0<a href=\"mailto:nfe@protermica.com.br\">nfe@protermica.com.br<\/a><\/p>\n","protected":false},"excerpt":{"rendered":"<p>Como podemos ajudar voc\u00ea? Obrigado por entrar em contato com Prot\u00e9rmica. Por favor, preencha os campos do formul\u00e1rio ao lado para que possamos responder rapidamente. Se preferir, envie e-mail para a \u00e1rea do seu interesse, conforme os contatos abaixo. Recep\u00e7\u00e3o:\u00a0(48) 3342-0049 Geral:\u00a0protermica@protermica.com.br Comercial:\u00a0comercial@protermica.com.br Compras:\u00a0compras@protermica.com.br Manuten\u00e7\u00e3o:\u00a0manutencaogeral@protermica.com.br Administra\u00e7\u00e3o\/ Financeiro \/ RH:\u00a0adm@protermica.com.br Recebimento de NFe:\u00a0nfe@protermica.com.br<\/p>\n","protected":false},"author":1,"featured_media":0,"parent":0,"menu_order":0,"comment_status":"closed","ping_status":"closed","template":"","meta":[],"yoast_head":"<!-- This site is optimized with the Yoast SEO plugin v16.1.1 - https:\/\/yoast.com\/wordpress\/plugins\/seo\/ -->\n<title>Contato | Prot\u00e9rmica<\/title>\n<link rel=\"canonical\" href=\"https:\/\/protermica.com.br\/home\/contato\/\" \/>\n<meta property=\"og:locale\" content=\"pt_BR\" \/>\n<meta property=\"og:type\" content=\"article\" \/>\n<meta property=\"og:title\" content=\"Contato | Prot\u00e9rmica\" \/>\n<meta property=\"og:description\" content=\"Como podemos ajudar voc\u00ea? Obrigado por entrar em contato com Prot\u00e9rmica. Por favor, preencha os campos do formul\u00e1rio ao lado para que possamos responder rapidamente. Se preferir, envie e-mail para a \u00e1rea do seu interesse, conforme os contatos abaixo. Recep\u00e7\u00e3o:\u00a0(48) 3342-0049 Geral:\u00a0protermica@protermica.com.br Comercial:\u00a0comercial@protermica.com.br Compras:\u00a0compras@protermica.com.br Manuten\u00e7\u00e3o:\u00a0manutencaogeral@protermica.com.br Administra\u00e7\u00e3o\/ Financeiro \/ RH:\u00a0adm@protermica.com.br Recebimento de NFe:\u00a0nfe@protermica.com.br\" \/>\n<meta property=\"og:url\" content=\"https:\/\/protermica.com.br\/home\/contato\/\" \/>\n<meta property=\"og:site_name\" content=\"Prot\u00e9rmica\" \/>\n<meta property=\"article:modified_time\" content=\"2019-05-28T19:41:44+00:00\" \/>\n<meta name=\"twitter:card\" content=\"summary_large_image\" \/>\n<script type=\"application\/ld+json\" class=\"yoast-schema-graph\">{\"@context\":\"https:\/\/schema.org\",\"@graph\":[{\"@type\":\"WebSite\",\"@id\":\"https:\/\/protermica.com.br\/home\/#website\",\"url\":\"https:\/\/protermica.com.br\/home\/\",\"name\":\"Prot\\u00e9rmica\",\"description\":\"\",\"potentialAction\":[{\"@type\":\"SearchAction\",\"target\":\"https:\/\/protermica.com.br\/home\/?s={search_term_string}\",\"query-input\":\"required name=search_term_string\"}],\"inLanguage\":\"pt-BR\"},{\"@type\":\"WebPage\",\"@id\":\"https:\/\/protermica.com.br\/home\/contato\/#webpage\",\"url\":\"https:\/\/protermica.com.br\/home\/contato\/\",\"name\":\"Contato | Prot\\u00e9rmica\",\"isPartOf\":{\"@id\":\"https:\/\/protermica.com.br\/home\/#website\"},\"datePublished\":\"2019-05-15T00:32:32+00:00\",\"dateModified\":\"2019-05-28T19:41:44+00:00\",\"breadcrumb\":{\"@id\":\"https:\/\/protermica.com.br\/home\/contato\/#breadcrumb\"},\"inLanguage\":\"pt-BR\",\"potentialAction\":[{\"@type\":\"ReadAction\",\"target\":[\"https:\/\/protermica.com.br\/home\/contato\/\"]}]},{\"@type\":\"BreadcrumbList\",\"@id\":\"https:\/\/protermica.com.br\/home\/contato\/#breadcrumb\",\"itemListElement\":[{\"@type\":\"ListItem\",\"position\":1,\"item\":{\"@type\":\"WebPage\",\"@id\":\"https:\/\/protermica.com.br\/home\/\",\"url\":\"https:\/\/protermica.com.br\/home\/\",\"name\":\"In\\u00edcio\"}},{\"@type\":\"ListItem\",\"position\":2,\"item\":{\"@type\":\"WebPage\",\"@id\":\"https:\/\/protermica.com.br\/home\/contato\/\",\"url\":\"https:\/\/protermica.com.br\/home\/contato\/\",\"name\":\"Contato\"}}]}]}<\/script>\n<!-- \/ Yoast SEO plugin. -->","_links":{"self":[{"href":"https:\/\/protermica.com.br\/home\/wp-json\/wp\/v2\/pages\/17"}],"collection":[{"href":"https:\/\/protermica.com.br\/home\/wp-json\/wp\/v2\/pages"}],"about":[{"href":"https:\/\/protermica.com.br\/home\/wp-json\/wp\/v2\/types\/page"}],"author":[{"embeddable":true,"href":"https:\/\/protermica.com.br\/home\/wp-json\/wp\/v2\/users\/1"}],"replies":[{"embeddable":true,"href":"https:\/\/protermica.com.br\/home\/wp-json\/wp\/v2\/comments?post=17"}],"version-history":[{"count":1,"href":"https:\/\/protermica.com.br\/home\/wp-json\/wp\/v2\/pages\/17\/revisions"}],"predecessor-version":[{"id":260,"href":"https:\/\/protermica.com.br\/home\/wp-json\/wp\/v2\/pages\/17\/revisions\/260"}],"wp:attachment":[{"href":"https:\/\/protermica.com.br\/home\/wp-json\/wp\/v2\/media?parent=17"}],"curies":[{"name":"wp","href":"https:\/\/api.w.org\/{rel}","templated":true}]}}