{"id":34,"date":"2019-05-18T02:04:36","date_gmt":"2019-05-18T05:04:36","guid":{"rendered":"https:\/\/protermica.com.br\/?page_id=34"},"modified":"2019-05-23T11:49:53","modified_gmt":"2019-05-23T14:49:53","slug":"servicos","status":"publish","type":"page","link":"https:\/\/protermica.com.br\/home\/servicos\/","title":{"rendered":"Servi\u00e7os"},"content":{"rendered":"<p><b>Servi\u00e7os de Projeto e Instala\u00e7\u00e3o<\/b><\/p>\n<p><span style=\"font-weight: 400;\">A Prot\u00e9rmica Climatiza\u00e7\u00e3o elabora e executa projetos de climatiza\u00e7\u00e3o para sistemas de ar condicionado central do tipo expans\u00e3o direta (Split\u00e3o, Rooftop, Self-Contained) e expans\u00e3o indireta (Chiller condensa\u00e7\u00e3o a ar e Chiller condensa\u00e7\u00e3o a \u00e1gua), possuindo assim a solu\u00e7\u00e3o para qualquer tipo de ambiente.<\/span><\/p>\n<p><span style=\"font-weight: 400;\">Contamos com uma equipe especializada em climatiza\u00e7\u00e3o, tais como t\u00e9cnicos e engenheiros e temos como valores: Compromisso, Consci\u00eancia, Companheirismo, Criatividade, Transpar\u00eancia e Qualidade.<\/span><\/p>\n<p><span style=\"font-weight: 400;\">Na \u00e1rea industrial, atuamos com sistemas de exaust\u00e3o de ar, sistemas de ventila\u00e7\u00e3o for\u00e7ada, filtros rotativos, filtros inerciais, filtros de manga, coifas em a\u00e7o inox e a\u00e7o galvanizado.<\/span><\/p>\n<p><span style=\"font-weight: 400;\">Projetamos sistemas para ambientes especiais, tais como: centros cir\u00fargicos, salas de metrologia e salas de processamento de dados. Elaboramos e implementamos solu\u00e7\u00f5es para controle de umidade e controle de part\u00edculas em salas limpas (Classe 10.000 e 100.000).<\/span><\/p>\n<p><span style=\"font-weight: 400;\">Tudo isso para garantir a nossos clientes um ambiente confort\u00e1vel e livre de impurezas.<\/span><\/p>\n<p><span style=\"font-weight: 400;\">\u00c1reas de Atua\u00e7\u00e3o<\/span><\/p>\n<p><span style=\"font-weight: 400;\">&#8211; Pr\u00e9dios administrativos, escrit\u00f3rios corporativos;<\/span><\/p>\n<p><span style=\"font-weight: 400;\">&#8211; Bancos privados e estatais;<\/span><\/p>\n<p><span style=\"font-weight: 400;\">&#8211; Shopping centers;<\/span><\/p>\n<p><span style=\"font-weight: 400;\">&#8211; Hot\u00e9is e resorts;<\/span><\/p>\n<p><span style=\"font-weight: 400;\">&#8211; Centro de conven\u00e7\u00e3o e audit\u00f3rios;<\/span><\/p>\n<p><span style=\"font-weight: 400;\">&#8211; Cinema e teatros;<\/span><\/p>\n<p><span style=\"font-weight: 400;\">&#8211; Supermercados e hipermercados;<\/span><\/p>\n<p><span style=\"font-weight: 400;\">&#8211; Escolas e universidades p\u00fablicas e privadas;<\/span><\/p>\n<p><span style=\"font-weight: 400;\">&#8211; Lojas de departamentos;<\/span><\/p>\n<p><span style=\"font-weight: 400;\">&#8211; Centros cir\u00fargicos com alto grau de filtragem;<\/span><\/p>\n<p><span style=\"font-weight: 400;\">&#8211; CPD, salas de pain\u00e9is el\u00e9tricos, salas de controle;<\/span><\/p>\n<p><span style=\"font-weight: 400;\">&#8211; Est\u00fadios de grava\u00e7\u00e3o com alto controle de ru\u00eddo;<\/span><\/p>\n<p><span style=\"font-weight: 400;\">&#8211; Salas limpas com classifica\u00e7\u00e3o 100.000 e 10.000 part\u00edculas;<\/span><\/p>\n<p><span style=\"font-weight: 400;\">&#8211; Ventila\u00e7\u00e3o industrial com controle de part\u00edculas, umidade e temperatura;<\/span><\/p>\n<p><span style=\"font-weight: 400;\">&#8211; Aquecimento solar de grande porte;<\/span><\/p>\n<p><span style=\"font-weight: 400;\">&#8211; Resid\u00eancias de alto padr\u00e3o, edif\u00edcios residenciais, apartamentos etc;<\/span><\/p>\n<p>&nbsp;<\/p>\n<p><b>Servi\u00e7os de Manuten\u00e7\u00e3o<\/b><\/p>\n<p><b>A IMPORT\u00c2NCIA DA QUALIDADE DO AR INTERIOR<\/b><\/p>\n<p><span style=\"font-weight: 400;\">O ambiente climatizado proporciona uma situa\u00e7\u00e3o de conforto para as pessoas que o ocupam. Contudo, o ar condicionado pode ser vetor de diversos microorganismos pat\u00f3genos, incluindo fungos, bact\u00e9rias e v\u00edrus. Estes microorganismos podem causar efeitos adversos para a sa\u00fade, que podem variar desde um simples desconforto e problemas respirat\u00f3rios a ocorr\u00eancia de morte.<\/span><\/p>\n<p><span style=\"font-weight: 400;\">O aumento de absente\u00edsmo, a redu\u00e7\u00e3o de efici\u00eancia no trabalho, a insatisfa\u00e7\u00e3o de clientes e colaboradores s\u00e3o algumas manifesta\u00e7\u00f5es comuns em ambientes onde \u00e9 dada pouca import\u00e2ncia \u00e0 qualidade do ar interior, com consequ\u00eancias diretas na sa\u00fade dos indiv\u00edduos.<\/span><\/p>\n<p><span style=\"font-weight: 400;\">\u00c9 por isso que um programa preventivo de manuten\u00e7\u00e3o do sistema de ar condicionado, efetuado de acordo com a legisla\u00e7\u00e3o vigente e por uma empresa altamente especializada, \u00e9 imprescind\u00edvel para manter a qualidade do ar interior e, consequentemente, a higidez daqueles que o ocupam.<\/span><\/p>\n<p>&nbsp;<\/p>\n<p><b>MANUTEN\u00c7\u00c3O<\/b><\/p>\n<p><span style=\"font-weight: 400;\">A Prot\u00e9rmica Climatiza\u00e7\u00e3o Ltda. presta servi\u00e7os de manuten\u00e7\u00e3o preventiva e corretiva baseado na legisla\u00e7\u00e3o do Minist\u00e9rio da Sa\u00fade e Ag\u00eancia de Vigil\u00e2ncia Sanit\u00e1ria, com implementa\u00e7\u00e3o do Plano de Manuten\u00e7\u00e3o e Opera\u00e7\u00e3o e Controle (P.M.O.C).<\/span><\/p>\n<p><span style=\"font-weight: 400;\">Somos especializados em manuten\u00e7\u00f5es do sistema de ar condicionado de salas limpas de centros cir\u00fargicos, al\u00e9m dos outros setores de cl\u00ednicas e hospitais. Atuamos tamb\u00e9m na manuten\u00e7\u00e3o do sistema de ar condicionado e exaust\u00e3o de ind\u00fastrias, supermercados, shoppings, restaurantes, hot\u00e9is, resid\u00eancias, \u00f3rg\u00e3os p\u00fablicos entre outros.<\/span><\/p>\n<p>&nbsp;<\/p>\n<p><b>FORNECEMOS:<\/b><\/p>\n<ul>\n<li style=\"font-weight: 400;\"><span style=\"font-weight: 400;\">M\u00e3o de obra especializada e treinada;<\/span><\/li>\n<li style=\"font-weight: 400;\"><span style=\"font-weight: 400;\">Supervis\u00e3o e orienta\u00e7\u00e3o de engenharia;<\/span><\/li>\n<li style=\"font-weight: 400;\"><span style=\"font-weight: 400;\">Plano de Manuten\u00e7\u00e3o, Opera\u00e7\u00e3o e Controle (P.M.O.C.), conforme estabelecido na portaria n\u00ba. 3.523 do Minist\u00e9rio da Sa\u00fade;<\/span><\/li>\n<li style=\"font-weight: 400;\"><span style=\"font-weight: 400;\">Roteiro de Servi\u00e7os de Manuten\u00e7\u00e3o Peri\u00f3dica (mensal, trimestral, semestral);<\/span><\/li>\n<li style=\"font-weight: 400;\"><span style=\"font-weight: 400;\">Relat\u00f3rio de Manuten\u00e7\u00e3o Padr\u00e3o completo por equipamento, contendo as medi\u00e7\u00f5es dos principais par\u00e2metros que determinam o desempenho de cada uma das m\u00e1quinas emitido e assinado pelo t\u00e9cnico, a cada atendimento;<\/span><\/li>\n<li style=\"font-weight: 400;\"><span style=\"font-weight: 400;\">Anota\u00e7\u00e3o de Responsabilidade T\u00e9cnica (A.R.T.) perante o CREA\/SC (Conselho Regional de Engenharia e Arquitetura\/SC), emitida por Engenheiro Mec\u00e2nico devidamente habilitado.<\/span><\/li>\n<\/ul>\n<p>&nbsp;<\/p>\n","protected":false},"excerpt":{"rendered":"<p>Servi\u00e7os de Projeto e Instala\u00e7\u00e3o A Prot\u00e9rmica Climatiza\u00e7\u00e3o elabora e executa projetos de climatiza\u00e7\u00e3o para sistemas de ar condicionado central do tipo expans\u00e3o direta (Split\u00e3o, Rooftop, Self-Contained) e expans\u00e3o indireta (Chiller condensa\u00e7\u00e3o a ar e Chiller condensa\u00e7\u00e3o a \u00e1gua), possuindo assim a solu\u00e7\u00e3o para qualquer tipo de ambiente. Contamos com uma equipe especializada em climatiza\u00e7\u00e3o, [&hellip;]<\/p>\n","protected":false},"author":1,"featured_media":0,"parent":0,"menu_order":0,"comment_status":"closed","ping_status":"closed","template":"","meta":[],"yoast_head":"<!-- This site is optimized with the Yoast SEO plugin v16.1.1 - https:\/\/yoast.com\/wordpress\/plugins\/seo\/ -->\n<title>Servi\u00e7os | Prot\u00e9rmica<\/title>\n<link rel=\"canonical\" href=\"https:\/\/protermica.com.br\/home\/servicos\/\" \/>\n<meta property=\"og:locale\" content=\"pt_BR\" \/>\n<meta property=\"og:type\" content=\"article\" \/>\n<meta property=\"og:title\" content=\"Servi\u00e7os | Prot\u00e9rmica\" \/>\n<meta property=\"og:description\" content=\"Servi\u00e7os de Projeto e Instala\u00e7\u00e3o A Prot\u00e9rmica Climatiza\u00e7\u00e3o elabora e executa projetos de climatiza\u00e7\u00e3o para sistemas de ar condicionado central do tipo expans\u00e3o direta (Split\u00e3o, Rooftop, Self-Contained) e expans\u00e3o indireta (Chiller condensa\u00e7\u00e3o a ar e Chiller condensa\u00e7\u00e3o a \u00e1gua), possuindo assim a solu\u00e7\u00e3o para qualquer tipo de ambiente. Contamos com uma equipe especializada em climatiza\u00e7\u00e3o, [&hellip;]\" \/>\n<meta property=\"og:url\" content=\"https:\/\/protermica.com.br\/home\/servicos\/\" \/>\n<meta property=\"og:site_name\" content=\"Prot\u00e9rmica\" \/>\n<meta property=\"article:modified_time\" content=\"2019-05-23T14:49:53+00:00\" \/>\n<meta name=\"twitter:card\" content=\"summary_large_image\" \/>\n<meta name=\"twitter:label1\" content=\"Est. tempo de leitura\">\n\t<meta name=\"twitter:data1\" content=\"3 minutos\">\n<script type=\"application\/ld+json\" class=\"yoast-schema-graph\">{\"@context\":\"https:\/\/schema.org\",\"@graph\":[{\"@type\":\"WebSite\",\"@id\":\"https:\/\/protermica.com.br\/home\/#website\",\"url\":\"https:\/\/protermica.com.br\/home\/\",\"name\":\"Prot\\u00e9rmica\",\"description\":\"\",\"potentialAction\":[{\"@type\":\"SearchAction\",\"target\":\"https:\/\/protermica.com.br\/home\/?s={search_term_string}\",\"query-input\":\"required name=search_term_string\"}],\"inLanguage\":\"pt-BR\"},{\"@type\":\"WebPage\",\"@id\":\"https:\/\/protermica.com.br\/home\/servicos\/#webpage\",\"url\":\"https:\/\/protermica.com.br\/home\/servicos\/\",\"name\":\"Servi\\u00e7os | Prot\\u00e9rmica\",\"isPartOf\":{\"@id\":\"https:\/\/protermica.com.br\/home\/#website\"},\"datePublished\":\"2019-05-18T05:04:36+00:00\",\"dateModified\":\"2019-05-23T14:49:53+00:00\",\"breadcrumb\":{\"@id\":\"https:\/\/protermica.com.br\/home\/servicos\/#breadcrumb\"},\"inLanguage\":\"pt-BR\",\"potentialAction\":[{\"@type\":\"ReadAction\",\"target\":[\"https:\/\/protermica.com.br\/home\/servicos\/\"]}]},{\"@type\":\"BreadcrumbList\",\"@id\":\"https:\/\/protermica.com.br\/home\/servicos\/#breadcrumb\",\"itemListElement\":[{\"@type\":\"ListItem\",\"position\":1,\"item\":{\"@type\":\"WebPage\",\"@id\":\"https:\/\/protermica.com.br\/home\/\",\"url\":\"https:\/\/protermica.com.br\/home\/\",\"name\":\"In\\u00edcio\"}},{\"@type\":\"ListItem\",\"position\":2,\"item\":{\"@type\":\"WebPage\",\"@id\":\"https:\/\/protermica.com.br\/home\/servicos\/\",\"url\":\"https:\/\/protermica.com.br\/home\/servicos\/\",\"name\":\"Servi\\u00e7os\"}}]}]}<\/script>\n<!-- \/ Yoast SEO plugin. -->","_links":{"self":[{"href":"https:\/\/protermica.com.br\/home\/wp-json\/wp\/v2\/pages\/34"}],"collection":[{"href":"https:\/\/protermica.com.br\/home\/wp-json\/wp\/v2\/pages"}],"about":[{"href":"https:\/\/protermica.com.br\/home\/wp-json\/wp\/v2\/types\/page"}],"author":[{"embeddable":true,"href":"https:\/\/protermica.com.br\/home\/wp-json\/wp\/v2\/users\/1"}],"replies":[{"embeddable":true,"href":"https:\/\/protermica.com.br\/home\/wp-json\/wp\/v2\/comments?post=34"}],"version-history":[{"count":1,"href":"https:\/\/protermica.com.br\/home\/wp-json\/wp\/v2\/pages\/34\/revisions"}],"predecessor-version":[{"id":131,"href":"https:\/\/protermica.com.br\/home\/wp-json\/wp\/v2\/pages\/34\/revisions\/131"}],"wp:attachment":[{"href":"https:\/\/protermica.com.br\/home\/wp-json\/wp\/v2\/media?parent=34"}],"curies":[{"name":"wp","href":"https:\/\/api.w.org\/{rel}","templated":true}]}}