{"id":40,"date":"2019-05-18T02:12:31","date_gmt":"2019-05-18T05:12:31","guid":{"rendered":"https:\/\/protermica.com.br\/?page_id=40"},"modified":"2019-06-18T09:53:53","modified_gmt":"2019-06-18T12:53:53","slug":"instalacoes","status":"publish","type":"page","link":"https:\/\/protermica.com.br\/home\/servicos\/instalacoes\/","title":{"rendered":"Instala\u00e7\u00f5es"},"content":{"rendered":"<p>Atuamos no setor de climatiza\u00e7\u00e3o, elaborando e executando projetos para sistemas de ar condicionado central do tipo expans\u00e3o direta (Split\u00e3o, Rooftop, Self Contained) e expans\u00e3o indireta (Chiller condensa\u00e7\u00e3o a ar e Chiller condensa\u00e7\u00e3o a \u00e1gua). Oferecemos solu\u00e7\u00e3o para qualquer tipo de ambiente, contando com uma equipe de T\u00e9cnicos e Engenheiros com vasto know-how em climatiza\u00e7\u00e3o.<\/p>\n","protected":false},"excerpt":{"rendered":"<p>Atuamos no setor de climatiza\u00e7\u00e3o, elaborando e executando projetos para sistemas de ar condicionado central do tipo expans\u00e3o direta (Split\u00e3o, Rooftop, Self Contained) e expans\u00e3o indireta (Chiller condensa\u00e7\u00e3o a ar e Chiller condensa\u00e7\u00e3o a \u00e1gua). Oferecemos solu\u00e7\u00e3o para qualquer tipo de ambiente, contando com uma equipe de T\u00e9cnicos e Engenheiros com vasto know-how em climatiza\u00e7\u00e3o.<\/p>\n","protected":false},"author":1,"featured_media":41,"parent":34,"menu_order":0,"comment_status":"closed","ping_status":"closed","template":"","meta":[],"yoast_head":"<!-- This site is optimized with the Yoast SEO plugin v16.1.1 - https:\/\/yoast.com\/wordpress\/plugins\/seo\/ -->\n<title>Instala\u00e7\u00f5es | Prot\u00e9rmica<\/title>\n<link rel=\"canonical\" href=\"https:\/\/protermica.com.br\/home\/servicos\/instalacoes\/\" \/>\n<meta property=\"og:locale\" content=\"pt_BR\" \/>\n<meta property=\"og:type\" content=\"article\" \/>\n<meta property=\"og:title\" content=\"Instala\u00e7\u00f5es | Prot\u00e9rmica\" \/>\n<meta property=\"og:description\" content=\"Atuamos no setor de climatiza\u00e7\u00e3o, elaborando e executando projetos para sistemas de ar condicionado central do tipo expans\u00e3o direta (Split\u00e3o, Rooftop, Self Contained) e expans\u00e3o indireta (Chiller condensa\u00e7\u00e3o a ar e Chiller condensa\u00e7\u00e3o a \u00e1gua). Oferecemos solu\u00e7\u00e3o para qualquer tipo de ambiente, contando com uma equipe de T\u00e9cnicos e Engenheiros com vasto know-how em climatiza\u00e7\u00e3o.\" \/>\n<meta property=\"og:url\" content=\"https:\/\/protermica.com.br\/home\/servicos\/instalacoes\/\" \/>\n<meta property=\"og:site_name\" content=\"Prot\u00e9rmica\" \/>\n<meta property=\"article:modified_time\" content=\"2019-06-18T12:53:53+00:00\" \/>\n<meta property=\"og:image\" content=\"https:\/\/protermica.com.br\/wp-content\/uploads\/2019\/05\/instalacoes.jpg\" \/>\n\t<meta property=\"og:image:width\" content=\"888\" \/>\n\t<meta property=\"og:image:height\" content=\"592\" \/>\n<meta name=\"twitter:card\" content=\"summary_large_image\" \/>\n<script type=\"application\/ld+json\" class=\"yoast-schema-graph\">{\"@context\":\"https:\/\/schema.org\",\"@graph\":[{\"@type\":\"WebSite\",\"@id\":\"https:\/\/protermica.com.br\/home\/#website\",\"url\":\"https:\/\/protermica.com.br\/home\/\",\"name\":\"Prot\\u00e9rmica\",\"description\":\"\",\"potentialAction\":[{\"@type\":\"SearchAction\",\"target\":\"https:\/\/protermica.com.br\/home\/?s={search_term_string}\",\"query-input\":\"required name=search_term_string\"}],\"inLanguage\":\"pt-BR\"},{\"@type\":\"ImageObject\",\"@id\":\"https:\/\/protermica.com.br\/home\/servicos\/instalacoes\/#primaryimage\",\"inLanguage\":\"pt-BR\",\"url\":\"https:\/\/protermica.com.br\/wp-content\/uploads\/2019\/05\/instalacoes.jpg\",\"contentUrl\":\"https:\/\/protermica.com.br\/wp-content\/uploads\/2019\/05\/instalacoes.jpg\",\"width\":888,\"height\":592},{\"@type\":\"WebPage\",\"@id\":\"https:\/\/protermica.com.br\/home\/servicos\/instalacoes\/#webpage\",\"url\":\"https:\/\/protermica.com.br\/home\/servicos\/instalacoes\/\",\"name\":\"Instala\\u00e7\\u00f5es | Prot\\u00e9rmica\",\"isPartOf\":{\"@id\":\"https:\/\/protermica.com.br\/home\/#website\"},\"primaryImageOfPage\":{\"@id\":\"https:\/\/protermica.com.br\/home\/servicos\/instalacoes\/#primaryimage\"},\"datePublished\":\"2019-05-18T05:12:31+00:00\",\"dateModified\":\"2019-06-18T12:53:53+00:00\",\"breadcrumb\":{\"@id\":\"https:\/\/protermica.com.br\/home\/servicos\/instalacoes\/#breadcrumb\"},\"inLanguage\":\"pt-BR\",\"potentialAction\":[{\"@type\":\"ReadAction\",\"target\":[\"https:\/\/protermica.com.br\/home\/servicos\/instalacoes\/\"]}]},{\"@type\":\"BreadcrumbList\",\"@id\":\"https:\/\/protermica.com.br\/home\/servicos\/instalacoes\/#breadcrumb\",\"itemListElement\":[{\"@type\":\"ListItem\",\"position\":1,\"item\":{\"@type\":\"WebPage\",\"@id\":\"https:\/\/protermica.com.br\/home\/\",\"url\":\"https:\/\/protermica.com.br\/home\/\",\"name\":\"In\\u00edcio\"}},{\"@type\":\"ListItem\",\"position\":2,\"item\":{\"@type\":\"WebPage\",\"@id\":\"https:\/\/protermica.com.br\/home\/servicos\/\",\"url\":\"https:\/\/protermica.com.br\/home\/servicos\/\",\"name\":\"Servi\\u00e7os\"}},{\"@type\":\"ListItem\",\"position\":3,\"item\":{\"@type\":\"WebPage\",\"@id\":\"https:\/\/protermica.com.br\/home\/servicos\/instalacoes\/\",\"url\":\"https:\/\/protermica.com.br\/home\/servicos\/instalacoes\/\",\"name\":\"Instala\\u00e7\\u00f5es\"}}]}]}<\/script>\n<!-- \/ Yoast SEO plugin. -->","_links":{"self":[{"href":"https:\/\/protermica.com.br\/home\/wp-json\/wp\/v2\/pages\/40"}],"collection":[{"href":"https:\/\/protermica.com.br\/home\/wp-json\/wp\/v2\/pages"}],"about":[{"href":"https:\/\/protermica.com.br\/home\/wp-json\/wp\/v2\/types\/page"}],"author":[{"embeddable":true,"href":"https:\/\/protermica.com.br\/home\/wp-json\/wp\/v2\/users\/1"}],"replies":[{"embeddable":true,"href":"https:\/\/protermica.com.br\/home\/wp-json\/wp\/v2\/comments?post=40"}],"version-history":[{"count":1,"href":"https:\/\/protermica.com.br\/home\/wp-json\/wp\/v2\/pages\/40\/revisions"}],"predecessor-version":[{"id":373,"href":"https:\/\/protermica.com.br\/home\/wp-json\/wp\/v2\/pages\/40\/revisions\/373"}],"up":[{"embeddable":true,"href":"https:\/\/protermica.com.br\/home\/wp-json\/wp\/v2\/pages\/34"}],"wp:featuredmedia":[{"embeddable":true,"href":"https:\/\/protermica.com.br\/home\/wp-json\/wp\/v2\/media\/41"}],"wp:attachment":[{"href":"https:\/\/protermica.com.br\/home\/wp-json\/wp\/v2\/media?parent=40"}],"curies":[{"name":"wp","href":"https:\/\/api.w.org\/{rel}","templated":true}]}}