{"id":44,"date":"2019-05-18T02:14:08","date_gmt":"2019-05-18T05:14:08","guid":{"rendered":"https:\/\/protermica.com.br\/?page_id=44"},"modified":"2019-06-18T09:53:29","modified_gmt":"2019-06-18T12:53:29","slug":"manutencoes","status":"publish","type":"page","link":"https:\/\/protermica.com.br\/home\/servicos\/manutencoes\/","title":{"rendered":"Manuten\u00e7\u00f5es"},"content":{"rendered":"<p>Prestamos servi\u00e7os de manuten\u00e7\u00e3o preventiva e corretiva baseada na legisla\u00e7\u00e3o do Minist\u00e9rio da Sa\u00fade e Ag\u00eancia de Vigil\u00e2ncia Sanit\u00e1ria, com implementa\u00e7\u00e3o do Plano de Manuten\u00e7\u00e3o e Opera\u00e7\u00e3o e Controle (P.M.O.C)<\/p>\n","protected":false},"excerpt":{"rendered":"<p>Prestamos servi\u00e7os de manuten\u00e7\u00e3o preventiva e corretiva baseada na legisla\u00e7\u00e3o do Minist\u00e9rio da Sa\u00fade e Ag\u00eancia de Vigil\u00e2ncia Sanit\u00e1ria, com implementa\u00e7\u00e3o do Plano de Manuten\u00e7\u00e3o e Opera\u00e7\u00e3o e Controle (P.M.O.C)<\/p>\n","protected":false},"author":1,"featured_media":45,"parent":34,"menu_order":0,"comment_status":"closed","ping_status":"closed","template":"","meta":[],"yoast_head":"<!-- This site is optimized with the Yoast SEO plugin v16.1.1 - https:\/\/yoast.com\/wordpress\/plugins\/seo\/ -->\n<title>Manuten\u00e7\u00f5es | Prot\u00e9rmica<\/title>\n<link rel=\"canonical\" href=\"https:\/\/protermica.com.br\/home\/servicos\/manutencoes\/\" \/>\n<meta property=\"og:locale\" content=\"pt_BR\" \/>\n<meta property=\"og:type\" content=\"article\" \/>\n<meta property=\"og:title\" content=\"Manuten\u00e7\u00f5es | Prot\u00e9rmica\" \/>\n<meta property=\"og:description\" content=\"Prestamos servi\u00e7os de manuten\u00e7\u00e3o preventiva e corretiva baseada na legisla\u00e7\u00e3o do Minist\u00e9rio da Sa\u00fade e Ag\u00eancia de Vigil\u00e2ncia Sanit\u00e1ria, com implementa\u00e7\u00e3o do Plano de Manuten\u00e7\u00e3o e Opera\u00e7\u00e3o e Controle (P.M.O.C)\" \/>\n<meta property=\"og:url\" content=\"https:\/\/protermica.com.br\/home\/servicos\/manutencoes\/\" \/>\n<meta property=\"og:site_name\" content=\"Prot\u00e9rmica\" \/>\n<meta property=\"article:modified_time\" content=\"2019-06-18T12:53:29+00:00\" \/>\n<meta property=\"og:image\" content=\"https:\/\/protermica.com.br\/wp-content\/uploads\/2019\/05\/manutencoes.jpg\" \/>\n\t<meta property=\"og:image:width\" content=\"275\" \/>\n\t<meta property=\"og:image:height\" content=\"183\" \/>\n<meta name=\"twitter:card\" content=\"summary_large_image\" \/>\n<script type=\"application\/ld+json\" class=\"yoast-schema-graph\">{\"@context\":\"https:\/\/schema.org\",\"@graph\":[{\"@type\":\"WebSite\",\"@id\":\"https:\/\/protermica.com.br\/home\/#website\",\"url\":\"https:\/\/protermica.com.br\/home\/\",\"name\":\"Prot\\u00e9rmica\",\"description\":\"\",\"potentialAction\":[{\"@type\":\"SearchAction\",\"target\":\"https:\/\/protermica.com.br\/home\/?s={search_term_string}\",\"query-input\":\"required name=search_term_string\"}],\"inLanguage\":\"pt-BR\"},{\"@type\":\"ImageObject\",\"@id\":\"https:\/\/protermica.com.br\/home\/servicos\/manutencoes\/#primaryimage\",\"inLanguage\":\"pt-BR\",\"url\":\"https:\/\/protermica.com.br\/wp-content\/uploads\/2019\/05\/manutencoes.jpg\",\"contentUrl\":\"https:\/\/protermica.com.br\/wp-content\/uploads\/2019\/05\/manutencoes.jpg\",\"width\":275,\"height\":183},{\"@type\":\"WebPage\",\"@id\":\"https:\/\/protermica.com.br\/home\/servicos\/manutencoes\/#webpage\",\"url\":\"https:\/\/protermica.com.br\/home\/servicos\/manutencoes\/\",\"name\":\"Manuten\\u00e7\\u00f5es | Prot\\u00e9rmica\",\"isPartOf\":{\"@id\":\"https:\/\/protermica.com.br\/home\/#website\"},\"primaryImageOfPage\":{\"@id\":\"https:\/\/protermica.com.br\/home\/servicos\/manutencoes\/#primaryimage\"},\"datePublished\":\"2019-05-18T05:14:08+00:00\",\"dateModified\":\"2019-06-18T12:53:29+00:00\",\"breadcrumb\":{\"@id\":\"https:\/\/protermica.com.br\/home\/servicos\/manutencoes\/#breadcrumb\"},\"inLanguage\":\"pt-BR\",\"potentialAction\":[{\"@type\":\"ReadAction\",\"target\":[\"https:\/\/protermica.com.br\/home\/servicos\/manutencoes\/\"]}]},{\"@type\":\"BreadcrumbList\",\"@id\":\"https:\/\/protermica.com.br\/home\/servicos\/manutencoes\/#breadcrumb\",\"itemListElement\":[{\"@type\":\"ListItem\",\"position\":1,\"item\":{\"@type\":\"WebPage\",\"@id\":\"https:\/\/protermica.com.br\/home\/\",\"url\":\"https:\/\/protermica.com.br\/home\/\",\"name\":\"In\\u00edcio\"}},{\"@type\":\"ListItem\",\"position\":2,\"item\":{\"@type\":\"WebPage\",\"@id\":\"https:\/\/protermica.com.br\/home\/servicos\/\",\"url\":\"https:\/\/protermica.com.br\/home\/servicos\/\",\"name\":\"Servi\\u00e7os\"}},{\"@type\":\"ListItem\",\"position\":3,\"item\":{\"@type\":\"WebPage\",\"@id\":\"https:\/\/protermica.com.br\/home\/servicos\/manutencoes\/\",\"url\":\"https:\/\/protermica.com.br\/home\/servicos\/manutencoes\/\",\"name\":\"Manuten\\u00e7\\u00f5es\"}}]}]}<\/script>\n<!-- \/ Yoast SEO plugin. -->","_links":{"self":[{"href":"https:\/\/protermica.com.br\/home\/wp-json\/wp\/v2\/pages\/44"}],"collection":[{"href":"https:\/\/protermica.com.br\/home\/wp-json\/wp\/v2\/pages"}],"about":[{"href":"https:\/\/protermica.com.br\/home\/wp-json\/wp\/v2\/types\/page"}],"author":[{"embeddable":true,"href":"https:\/\/protermica.com.br\/home\/wp-json\/wp\/v2\/users\/1"}],"replies":[{"embeddable":true,"href":"https:\/\/protermica.com.br\/home\/wp-json\/wp\/v2\/comments?post=44"}],"version-history":[{"count":1,"href":"https:\/\/protermica.com.br\/home\/wp-json\/wp\/v2\/pages\/44\/revisions"}],"predecessor-version":[{"id":372,"href":"https:\/\/protermica.com.br\/home\/wp-json\/wp\/v2\/pages\/44\/revisions\/372"}],"up":[{"embeddable":true,"href":"https:\/\/protermica.com.br\/home\/wp-json\/wp\/v2\/pages\/34"}],"wp:featuredmedia":[{"embeddable":true,"href":"https:\/\/protermica.com.br\/home\/wp-json\/wp\/v2\/media\/45"}],"wp:attachment":[{"href":"https:\/\/protermica.com.br\/home\/wp-json\/wp\/v2\/media?parent=44"}],"curies":[{"name":"wp","href":"https:\/\/api.w.org\/{rel}","templated":true}]}}